{"id":43,"date":"2019-04-19T10:35:47","date_gmt":"2019-04-19T10:35:47","guid":{"rendered":"https:\/\/bhomeja.co\/?p=43"},"modified":"2024-08-12T15:19:51","modified_gmt":"2024-08-12T15:19:51","slug":"bellatrix-pembe-tul-bluz","status":"publish","type":"product","link":"https:\/\/bhomeja.co\/en\/product\/bellatrix-pembe-tul-bluz\/","title":{"rendered":"BELLATR\u0130X P\u0130NK TULLE TOP"},"content":{"rendered":"<p>G\u00f6ksel navigasyon i\u00e7in kullan\u0131lan Orion\u2019un d\u00f6rt seyr\u00fcsefer y\u0131ld\u0131zlar\u0131ndan birisidir.Astrolojide<br \/>\n20 16 ikizler burcundad\u0131r.Mars ve Merk\u00fcri karakterindedir.<\/p>","protected":false},"excerpt":{"rendered":"<p>Oversize, flowing standard size crop tulle blouse<\/p>","protected":false},"featured_media":2425,"comment_status":"open","ping_status":"closed","template":"","meta":{"_acf_changed":false},"product_cat":[33],"product_tag":[],"class_list":{"0":"post-43","1":"product","2":"type-product","3":"status-publish","4":"has-post-thumbnail","6":"product_cat-bluz-ust","8":"first","9":"instock","10":"sale","11":"taxable","12":"shipping-taxable","13":"purchasable","14":"product-type-simple"},"acf":[],"_links":{"self":[{"href":"https:\/\/bhomeja.co\/en\/wp-json\/wp\/v2\/product\/43","targetHints":{"allow":["GET"]}}],"collection":[{"href":"https:\/\/bhomeja.co\/en\/wp-json\/wp\/v2\/product"}],"about":[{"href":"https:\/\/bhomeja.co\/en\/wp-json\/wp\/v2\/types\/product"}],"replies":[{"embeddable":true,"href":"https:\/\/bhomeja.co\/en\/wp-json\/wp\/v2\/comments?post=43"}],"wp:featuredmedia":[{"embeddable":true,"href":"https:\/\/bhomeja.co\/en\/wp-json\/wp\/v2\/media\/2425"}],"wp:attachment":[{"href":"https:\/\/bhomeja.co\/en\/wp-json\/wp\/v2\/media?parent=43"}],"wp:term":[{"taxonomy":"product_cat","embeddable":true,"href":"https:\/\/bhomeja.co\/en\/wp-json\/wp\/v2\/product_cat?post=43"},{"taxonomy":"product_tag","embeddable":true,"href":"https:\/\/bhomeja.co\/en\/wp-json\/wp\/v2\/product_tag?post=43"}],"curies":[{"name":"wp","href":"https:\/\/api.w.org\/{rel}","templated":true}]}}