{"id":40,"date":"2019-04-10T10:35:47","date_gmt":"2019-04-10T10:35:47","guid":{"rendered":"https:\/\/bhomeja.co\/?p=40"},"modified":"2024-09-16T12:29:01","modified_gmt":"2024-09-16T12:29:01","slug":"acrux-bel-detayli-gomlek","status":"publish","type":"product","link":"https:\/\/bhomeja.co\/en\/product\/acrux-bel-detayli-gomlek\/","title":{"rendered":"ACRUX WA\u0130ST DETA\u0130LED SH\u0130RT"},"content":{"rendered":"<p>Akrep burcunu temsil eder. G\u00fcney Ha\u00e7\u0131 tak\u0131my\u0131ld\u0131z\u0131nda bulunan J\u00fcpiterin do\u011fas\u0131nda l\u00fcks ve<br \/>\ng\u00f6rkemi anlatan bir y\u0131ld\u0131zd\u0131r. Ha\u00e7 \u015feklinde olan bu y\u0131ld\u0131z tak\u0131my\u0131ld\u0131z\u0131n i\u00e7inde en parlak olan<br \/>\ny\u0131ld\u0131zd\u0131r.<\/p>","protected":false},"excerpt":{"rendered":"<p>Medium length summer bright cotton satin shirt with rope detail at the waist, open\nback<\/p>","protected":false},"featured_media":2492,"comment_status":"open","ping_status":"closed","template":"","meta":{"_acf_changed":false},"product_cat":[18],"product_tag":[],"class_list":{"0":"post-40","1":"product","2":"type-product","3":"status-publish","4":"has-post-thumbnail","6":"product_cat-gomlekler","8":"first","9":"instock","10":"sale","11":"featured","12":"taxable","13":"shipping-taxable","14":"purchasable","15":"product-type-variable"},"acf":[],"_links":{"self":[{"href":"https:\/\/bhomeja.co\/en\/wp-json\/wp\/v2\/product\/40","targetHints":{"allow":["GET"]}}],"collection":[{"href":"https:\/\/bhomeja.co\/en\/wp-json\/wp\/v2\/product"}],"about":[{"href":"https:\/\/bhomeja.co\/en\/wp-json\/wp\/v2\/types\/product"}],"replies":[{"embeddable":true,"href":"https:\/\/bhomeja.co\/en\/wp-json\/wp\/v2\/comments?post=40"}],"wp:featuredmedia":[{"embeddable":true,"href":"https:\/\/bhomeja.co\/en\/wp-json\/wp\/v2\/media\/2492"}],"wp:attachment":[{"href":"https:\/\/bhomeja.co\/en\/wp-json\/wp\/v2\/media?parent=40"}],"wp:term":[{"taxonomy":"product_cat","embeddable":true,"href":"https:\/\/bhomeja.co\/en\/wp-json\/wp\/v2\/product_cat?post=40"},{"taxonomy":"product_tag","embeddable":true,"href":"https:\/\/bhomeja.co\/en\/wp-json\/wp\/v2\/product_tag?post=40"}],"curies":[{"name":"wp","href":"https:\/\/api.w.org\/{rel}","templated":true}]}}