{"id":39,"date":"2019-04-11T17:35:47","date_gmt":"2019-04-11T17:35:47","guid":{"rendered":"https:\/\/bhomeja.co\/?p=39"},"modified":"2024-08-11T23:34:44","modified_gmt":"2024-08-11T23:34:44","slug":"spica-bel-detayli-ust","status":"publish","type":"product","link":"https:\/\/bhomeja.co\/en\/product\/spica-bel-detayli-ust\/","title":{"rendered":"SP\u0130CA WA\u0130ST DETA\u0130LED TOP"},"content":{"rendered":"<p>23\u00b050' is in Libra. This star gives spiritual depth. It is considered one of the lucky and positive\nstars in nature. It brings spiritual and artistic abilities to the person. This star is a very bright\nstar in the sky.<\/p>","protected":false},"excerpt":{"rendered":"<p>Rose jacquard crop blouse, button detail on the neck, handkerchief model with a\nbelt at the waist.<br \/>\ng\u00fcll\u00fc jakarl\u0131 crop bluz<\/p>","protected":false},"featured_media":2430,"comment_status":"open","ping_status":"closed","template":"","meta":{"_acf_changed":false},"product_cat":[33],"product_tag":[],"class_list":{"0":"post-39","1":"product","2":"type-product","3":"status-publish","4":"has-post-thumbnail","6":"product_cat-bluz-ust","8":"first","9":"instock","10":"sale","11":"featured","12":"taxable","13":"shipping-taxable","14":"purchasable","15":"product-type-variable"},"acf":[],"_links":{"self":[{"href":"https:\/\/bhomeja.co\/en\/wp-json\/wp\/v2\/product\/39","targetHints":{"allow":["GET"]}}],"collection":[{"href":"https:\/\/bhomeja.co\/en\/wp-json\/wp\/v2\/product"}],"about":[{"href":"https:\/\/bhomeja.co\/en\/wp-json\/wp\/v2\/types\/product"}],"replies":[{"embeddable":true,"href":"https:\/\/bhomeja.co\/en\/wp-json\/wp\/v2\/comments?post=39"}],"wp:featuredmedia":[{"embeddable":true,"href":"https:\/\/bhomeja.co\/en\/wp-json\/wp\/v2\/media\/2430"}],"wp:attachment":[{"href":"https:\/\/bhomeja.co\/en\/wp-json\/wp\/v2\/media?parent=39"}],"wp:term":[{"taxonomy":"product_cat","embeddable":true,"href":"https:\/\/bhomeja.co\/en\/wp-json\/wp\/v2\/product_cat?post=39"},{"taxonomy":"product_tag","embeddable":true,"href":"https:\/\/bhomeja.co\/en\/wp-json\/wp\/v2\/product_tag?post=39"}],"curies":[{"name":"wp","href":"https:\/\/api.w.org\/{rel}","templated":true}]}}