{"id":2510,"date":"2024-08-11T12:05:02","date_gmt":"2024-08-11T12:05:02","guid":{"rendered":"https:\/\/bhomeja.co\/?post_type=product&#038;p=2510"},"modified":"2024-09-01T15:40:45","modified_gmt":"2024-09-01T15:40:45","slug":"dubhe-askili-ipli-ust","status":"publish","type":"product","link":"https:\/\/bhomeja.co\/en\/product\/dubhe-askili-ipli-ust\/","title":{"rendered":"DUBHE STRAP STRING TOP"},"content":{"rendered":"<p>15 derecede Aslan burcunda bulunur. Sar\u0131 bir renge sahiptir. Mars\u2019\u0131n do\u011fas\u0131ndad\u0131r. Do\u011fu\u015ftan<br \/>\n\u015fans, zenginlik, g\u00fc\u00e7, c\u00f6mertlik gibi etkileri vard\u0131r.<\/p>","protected":false},"excerpt":{"rendered":"<p class=\" translation-block\">Medium-length flexible blouse with adjustable straps at the waist and chest, open\nback and straps.<\/p>","protected":false},"featured_media":2514,"comment_status":"open","ping_status":"closed","template":"","meta":{"_acf_changed":false},"product_cat":[33],"product_tag":[],"class_list":{"0":"post-2510","1":"product","2":"type-product","3":"status-publish","4":"has-post-thumbnail","6":"product_cat-bluz-ust","8":"first","9":"instock","10":"sale","11":"taxable","12":"shipping-taxable","13":"purchasable","14":"product-type-variable"},"acf":[],"_links":{"self":[{"href":"https:\/\/bhomeja.co\/en\/wp-json\/wp\/v2\/product\/2510","targetHints":{"allow":["GET"]}}],"collection":[{"href":"https:\/\/bhomeja.co\/en\/wp-json\/wp\/v2\/product"}],"about":[{"href":"https:\/\/bhomeja.co\/en\/wp-json\/wp\/v2\/types\/product"}],"replies":[{"embeddable":true,"href":"https:\/\/bhomeja.co\/en\/wp-json\/wp\/v2\/comments?post=2510"}],"wp:featuredmedia":[{"embeddable":true,"href":"https:\/\/bhomeja.co\/en\/wp-json\/wp\/v2\/media\/2514"}],"wp:attachment":[{"href":"https:\/\/bhomeja.co\/en\/wp-json\/wp\/v2\/media?parent=2510"}],"wp:term":[{"taxonomy":"product_cat","embeddable":true,"href":"https:\/\/bhomeja.co\/en\/wp-json\/wp\/v2\/product_cat?post=2510"},{"taxonomy":"product_tag","embeddable":true,"href":"https:\/\/bhomeja.co\/en\/wp-json\/wp\/v2\/product_tag?post=2510"}],"curies":[{"name":"wp","href":"https:\/\/api.w.org\/{rel}","templated":true}]}}