{"id":2500,"date":"2024-08-11T11:56:58","date_gmt":"2024-08-11T11:56:58","guid":{"rendered":"https:\/\/bhomeja.co\/?post_type=product&#038;p=2500"},"modified":"2024-08-11T23:33:31","modified_gmt":"2024-08-11T23:33:31","slug":"agena-yesil-saten-askili-ust","status":"publish","type":"product","link":"https:\/\/bhomeja.co\/en\/product\/agena-yesil-saten-askili-ust\/","title":{"rendered":"AGENA GREEN WOVEN STRAP TOP"},"content":{"rendered":"<p>Akrep burcunu temsil eder. \u00dc\u00e7l\u00fc bir y\u0131ld\u0131z sistemidir. Ven\u00fcs ve J\u00fcpiter in do\u011fas\u0131ndad\u0131r. Ba\u015far\u0131<br \/>\nve bilgelik sembol\u00fcd\u00fcr.<\/p>","protected":false},"excerpt":{"rendered":"<p class=\" translation-block\">V-neck, elasticated chest, flexible bralette to be worn under tulle products, suitable\nfor all sizes.<\/p>","protected":false},"featured_media":2502,"comment_status":"open","ping_status":"closed","template":"","meta":{"_acf_changed":false},"product_cat":[34],"product_tag":[],"class_list":{"0":"post-2500","1":"product","2":"type-product","3":"status-publish","4":"has-post-thumbnail","6":"product_cat-top-bralet","8":"first","9":"instock","10":"sale","11":"taxable","12":"shipping-taxable","13":"purchasable","14":"product-type-variable"},"acf":[],"_links":{"self":[{"href":"https:\/\/bhomeja.co\/en\/wp-json\/wp\/v2\/product\/2500","targetHints":{"allow":["GET"]}}],"collection":[{"href":"https:\/\/bhomeja.co\/en\/wp-json\/wp\/v2\/product"}],"about":[{"href":"https:\/\/bhomeja.co\/en\/wp-json\/wp\/v2\/types\/product"}],"replies":[{"embeddable":true,"href":"https:\/\/bhomeja.co\/en\/wp-json\/wp\/v2\/comments?post=2500"}],"wp:featuredmedia":[{"embeddable":true,"href":"https:\/\/bhomeja.co\/en\/wp-json\/wp\/v2\/media\/2502"}],"wp:attachment":[{"href":"https:\/\/bhomeja.co\/en\/wp-json\/wp\/v2\/media?parent=2500"}],"wp:term":[{"taxonomy":"product_cat","embeddable":true,"href":"https:\/\/bhomeja.co\/en\/wp-json\/wp\/v2\/product_cat?post=2500"},{"taxonomy":"product_tag","embeddable":true,"href":"https:\/\/bhomeja.co\/en\/wp-json\/wp\/v2\/product_tag?post=2500"}],"curies":[{"name":"wp","href":"https:\/\/api.w.org\/{rel}","templated":true}]}}