{"id":6,"date":"2019-03-25T09:55:26","date_gmt":"2019-03-25T09:55:26","guid":{"rendered":"https:\/\/bhomeja.co\/?p=6"},"modified":"2024-08-11T23:55:32","modified_gmt":"2024-08-11T23:55:32","slug":"our-story","status":"publish","type":"page","link":"https:\/\/bhomeja.co\/en\/our-story\/","title":{"rendered":"Our Story"},"content":{"rendered":"<h1>about us<\/h1>\n<div>\n<blockquote>\n<p>BHOMEJA; 2024 y\u0131l\u0131nda BURCU MUMO\u011eULLARINDA \u2018n\u0131n kurdu\u011fu ve tasarlad\u0131\u011f\u0131 Haute<br \/>Couture \u00e7izgisinde ince i\u015f\u00e7ilik ve titiz kuma\u015f se\u00e7imleriyle her a\u015famas\u0131 incelikle i\u015flenen \u00f6zel bir<br \/>tasar\u0131m markas\u0131.<br \/>BHOMEJA kendini feminen ve mask\u00fclen s\u0131n\u0131rlar\u0131n i\u00e7 i\u00e7e ge\u00e7mi\u015f halini hem zarif hem g\u00fc\u00e7l\u00fc bir<br \/>\u00e7izgide ayn\u0131 zamanda egzotik ve etnik dokunu\u015flarla bizlere g\u00f6steriyor.<br \/>\u0130lham\u0131n\u0131 do\u011fa, deniz ve \u00e7i\u00e7eklerden olu\u015fan soft gizemli bir botanik d\u00fcnyadan al\u0131yor.<br \/>Markam\u0131z T\u00fcrkiye\u2019de \u00fcretiliyor ve kad\u0131nlar\u0131m\u0131z\u0131n g\u00fc\u00e7l\u00fc ve her birinin \u00e7ok \u00f6zel oldu\u011funu<br \/>desteklemeyi misyonu olarak ele al\u0131yor ve sizlere bu \u00e7er\u00e7evede koleksiyonlar sunuyor.<\/p>\n<\/blockquote>\n<\/div>\n<p><!--more--><br \/>\n<!-- {\"type\":\"layout\",\"children\":[{\"type\":\"section\",\"props\":{\"header_transparent\":true,\"height\":\"viewport\",\"image\":\"wp-content\\\/uploads\\\/2019\\\/04\\\/WhatsApp-Image-2024-06-04-at-22.27.47.jpeg\",\"image_position\":\"center-center\",\"image_size\":\"cover\",\"media_overlay\":\"rgba(0, 0, 0, 0.2)\",\"padding_remove_top\":false,\"style\":\"default\",\"text_color\":\"light\",\"title_breakpoint\":\"xl\",\"title_position\":\"top-left\",\"title_rotation\":\"left\",\"vertical_align\":\"middle\",\"width\":\"default\"},\"children\":[{\"type\":\"row\",\"children\":[{\"type\":\"column\",\"props\":{\"image_position\":\"center-center\",\"position_sticky_breakpoint\":\"m\"},\"children\":[{\"type\":\"headline\",\"props\":{\"content\":\"Hakk\\u0131m\\u0131zda\",\"text_align\":\"center\",\"title_element\":\"h1\",\"title_style\":\"heading-medium\"}},{\"type\":\"text\",\"props\":{\"column_breakpoint\":\"m\",\"content\":\"\n\n<blockquote>\\n\n\n<p>BHOMEJA; 2024 y\\u0131l\\u0131nda BURCU MUMO\\u011eULLARINDA \\u2018n\\u0131n kurdu\\u011fu ve tasarlad\\u0131\\u011f\\u0131 Haute<br \\\/>Couture \\u00e7izgisinde ince i\\u015f\\u00e7ilik ve titiz kuma\\u015f se\\u00e7imleriyle her a\\u015famas\\u0131 incelikle i\\u015flenen \\u00f6zel bir<br \\\/>tasar\\u0131m markas\\u0131.<br \\\/>BHOMEJA kendini feminen ve mask\\u00fclen s\\u0131n\\u0131rlar\\u0131n i\\u00e7 i\\u00e7e ge\\u00e7mi\\u015f halini hem zarif hem g\\u00fc\\u00e7l\\u00fc bir<br \\\/>\\u00e7izgide ayn\\u0131 zamanda egzotik ve etnik dokunu\\u015flarla bizlere g\\u00f6steriyor.<br \\\/>\\u0130lham\\u0131n\\u0131 do\\u011fa, deniz ve \\u00e7i\\u00e7eklerden olu\\u015fan soft gizemli bir botanik d\\u00fcnyadan al\\u0131yor.<br \\\/>Markam\\u0131z T\\u00fcrkiye\\u2019de \\u00fcretiliyor ve kad\\u0131nlar\\u0131m\\u0131z\\u0131n g\\u00fc\\u00e7l\\u00fc ve her birinin \\u00e7ok \\u00f6zel oldu\\u011funu<br \\\/>desteklemeyi misyonu olarak ele al\\u0131yor ve sizlere bu \\u00e7er\\u00e7evede koleksiyonlar sunuyor.<\\\/p>\\n<\\\/blockquote>\",\"margin\":\"default\",\"text_align\":\"center\"}}]}]}]},{\"type\":\"section\",\"props\":{\"image\":\"wp-content\\\/uploads\\\/2024\\\/05\\\/IMAGE-landscape-0224cf8b-a2e1-4ab7-a5a3-6c8d4923289b-default_0.jpg\",\"image_position\":\"center-center\",\"style\":\"default\",\"text_color\":\"light\",\"title_breakpoint\":\"xl\",\"title_position\":\"top-left\",\"title_rotation\":\"left\",\"vertical_align\":\"middle\",\"width\":\"default\"},\"children\":[{\"type\":\"row\",\"children\":[{\"type\":\"column\",\"props\":{\"image_position\":\"center-center\",\"position_sticky_breakpoint\":\"m\"},\"children\":[{\"type\":\"headline\",\"props\":{\"content\":\"Detayl\\u0131 Bilgi\",\"status\":\"disabled\",\"title_element\":\"h1\"}}]}]}]}],\"version\":\"4.3.12\"} --><\/p>","protected":false},"excerpt":{"rendered":"<p>Hakk\u0131m\u0131zda BHOMEJA; 2024 y\u0131l\u0131nda BURCU MUMO\u011eULLARINDA \u2018n\u0131n kurdu\u011fu ve tasarlad\u0131\u011f\u0131 HauteCouture \u00e7izgisinde ince i\u015f\u00e7ilik ve titiz kuma\u015f se\u00e7imleriyle her a\u015famas\u0131 incelikle i\u015flenen \u00f6zel birtasar\u0131m markas\u0131.BHOMEJA kendini feminen ve mask\u00fclen s\u0131n\u0131rlar\u0131n i\u00e7 i\u00e7e ge\u00e7mi\u015f halini hem zarif hem g\u00fc\u00e7l\u00fc bir\u00e7izgide ayn\u0131 zamanda egzotik ve etnik dokunu\u015flarla bizlere g\u00f6steriyor.\u0130lham\u0131n\u0131 do\u011fa, deniz ve \u00e7i\u00e7eklerden olu\u015fan soft gizemli bir [&hellip;]<\/p>","protected":false},"author":1,"featured_media":0,"parent":0,"menu_order":6,"comment_status":"open","ping_status":"open","template":"","meta":{"_acf_changed":false,"footnotes":""},"class_list":["post-6","page","type-page","status-publish","hentry"],"acf":[],"_links":{"self":[{"href":"https:\/\/bhomeja.co\/en\/wp-json\/wp\/v2\/pages\/6","targetHints":{"allow":["GET"]}}],"collection":[{"href":"https:\/\/bhomeja.co\/en\/wp-json\/wp\/v2\/pages"}],"about":[{"href":"https:\/\/bhomeja.co\/en\/wp-json\/wp\/v2\/types\/page"}],"author":[{"embeddable":true,"href":"https:\/\/bhomeja.co\/en\/wp-json\/wp\/v2\/users\/1"}],"replies":[{"embeddable":true,"href":"https:\/\/bhomeja.co\/en\/wp-json\/wp\/v2\/comments?post=6"}],"version-history":[{"count":10,"href":"https:\/\/bhomeja.co\/en\/wp-json\/wp\/v2\/pages\/6\/revisions"}],"predecessor-version":[{"id":2548,"href":"https:\/\/bhomeja.co\/en\/wp-json\/wp\/v2\/pages\/6\/revisions\/2548"}],"wp:attachment":[{"href":"https:\/\/bhomeja.co\/en\/wp-json\/wp\/v2\/media?parent=6"}],"curies":[{"name":"wp","href":"https:\/\/api.w.org\/{rel}","templated":true}]}}