{"id":2436,"date":"2024-07-29T13:21:58","date_gmt":"2024-07-29T13:21:58","guid":{"rendered":"https:\/\/bhomeja.co\/?page_id=2436"},"modified":"2024-08-12T14:21:30","modified_gmt":"2024-08-12T14:21:30","slug":"sozlesmeler","status":"publish","type":"page","link":"https:\/\/bhomeja.co\/en\/sozlesmeler\/","title":{"rendered":"S\u00f6zle\u015fmeler"},"content":{"rendered":"<p><strong>MESAFEL\u0130 SATI\u015e S\u00d6ZLE\u015eMES\u0130<\/strong>&nbsp;<\/p>\n\n\n\n<p><strong>&nbsp;A) GENEL \u015eARTLAR:<\/strong>&nbsp;<\/p>\n\n\n\n<p><strong>1) TARAFLAR:<\/strong>&nbsp;<\/p>\n\n\n\n<p><strong>a) SATICI:<\/strong> [Burcu Mumo\u011fullar\u0131nda]Bhomeja, [Barbaros mh. mor leylak sk. andromeda c1 blok no:2 b i\u00e7 kap\u0131 no 261 ata\u015fehir\/\u0130STANBUL], [5394050881], [info@bhomeja.co] (6230500868)\u00a0<\/p>\n\n\n\n<p><strong>b) ALICI:<\/strong> [Al\u0131c\u0131n\u0131n Ad\u0131 ve Soyad\u0131], [Adres], [Telefon], [E-posta]&nbsp;<\/p>\n\n\n\n<p><strong>2) S\u00d6ZLE\u015eMEN\u0130N KONUSU:<\/strong>&nbsp;<\/p>\n\n\n\n<p>Bu s\u00f6zle\u015fmenin konusu, Al\u0131c\u0131&#8217;n\u0131n Sat\u0131c\u0131&#8217;ya ait [www.siteniz.com] internet sitesinden elektronik ortamda sipari\u015f verdi\u011fi a\u015fa\u011f\u0131da nitelikleri ve sat\u0131\u015f fiyat\u0131 belirtilen \u00fcr\u00fcn\u00fcn sat\u0131\u015f\u0131 ve teslimi ile ilgili olarak 6502 say\u0131l\u0131 T\u00fcketicinin Korunmas\u0131 Hakk\u0131nda Kanun ve Mesafeli S\u00f6zle\u015fmelere dair Y\u00f6netmelik h\u00fck\u00fcmleri gere\u011fince taraflar\u0131n hak ve y\u00fck\u00fcml\u00fcl\u00fcklerinin belirlenmesidir.&nbsp;<\/p>\n\n\n\n<p><strong>3) \u00dcR\u00dcN B\u0130LG\u0130LER\u0130:<\/strong>&nbsp;<\/p>\n\n\n\n<p>&#8211; \u00dcr\u00fcn Ad\u0131 ve Kodu: [\u00dcr\u00fcn Ad\u0131 ve Kodu]&nbsp;<\/p>\n\n\n\n<p>&#8211; Adet: [Adet]&nbsp;<\/p>\n\n\n\n<p>&#8211; Sat\u0131\u015f Fiyat\u0131 (KDV dahil): [Fiyat]&nbsp;<\/p>\n\n\n\n<p>&#8211; Teslimat Adresi: [Adres]&nbsp;<\/p>\n\n\n\n<p>&#8211; Teslim Edilecek Ki\u015fi: [Al\u0131c\u0131]&nbsp;<\/p>\n\n\n\n<p>&#8211; Fatura Adresi: [Adres]&nbsp;<\/p>\n\n\n\n<p><strong>4) GENEL H\u00dcK\u00dcMLER:<\/strong>&nbsp;<\/p>\n\n\n\n<p><strong>4.1.<\/strong> Al\u0131c\u0131, sipari\u015fin olu\u015fturmas\u0131 ve S\u00f6zle\u015fme\u2019nin kurulmas\u0131ndan \u00f6nce, gerek Platform\u2019un ilgili sayfalar\u0131 ve k\u0131s\u0131mlar\u0131ndaki t\u00fcm genel-\u00f6zel a\u00e7\u0131klamalar, gerek S\u00f6zle\u015fme, gerek \u00d6n Bilgilendirme Formu gerekse de sair \u015fekillerde, a\u015fa\u011f\u0131da yer verilenler de dahil olmak \u00fczere S\u00f6zle\u015fme\u2019nin akdi ve uygulamas\u0131 ile ilgili t\u00fcm hususlar hakk\u0131nda do\u011fru ve eksiksiz olarak bilgilendirildi\u011fini ve bunlar\u0131 okuyup anlad\u0131\u011f\u0131n\u0131 kabul, beyan ve taahh\u00fct eder.&nbsp;<\/p>\n\n\n\n<p>a) \u00dcr\u00fcn\/Hizmet\u2019in temel nitelikleri,&nbsp;<\/p>\n\n\n\n<p>b) Sat\u0131c\u0131&#8217;n\u0131n ad\u0131 veya unvan\u0131, MERS\u0130S numaras\u0131 veya vergi kimlik numaras\u0131 ve ileti\u015fim bilgileri ile di\u011fer tan\u0131t\u0131c\u0131 bilgileri,&nbsp;<\/p>\n\n\n\n<p>c) \u00dcr\u00fcn\/Hizmet&#8217;in Platform\u2019dan al\u0131nmas\u0131 s\u0131ras\u0131ndaki sat\u0131\u015f i\u015flemi a\u015famalar\u0131 ile yanl\u0131\u015f girilen bilgilerin d\u00fczeltilmesine ili\u015fkin amaca uygun ara\u00e7lar-y\u00f6ntemler,&nbsp;<\/p>\n\n\n\n<p>d) Sat\u0131c\u0131&#8217;n\u0131n mensubu oldu\u011fu Meslek Odas\u0131 (\u0130TO-\u0130stanbul Ticaret Odas\u0131) ve \u0130TO&#8217;nun meslek ile ilgili \u00f6ng\u00f6rd\u00fc\u011f\u00fc davran\u0131\u015f kurallar\u0131 bilgisinin edinebilece\u011fi elektronik ileti\u015fim bilgileri,&nbsp;<\/p>\n\n\n\n<p>e) Al\u0131c\u0131 bilgileri i\u00e7in ge\u00e7erli gizlilik, veri kullan\u0131m\u0131-i\u015fleme ve elektronik ileti\u015fim kurallar\u0131 ile Al\u0131c\u0131\u2019n\u0131n kanuni haklar\u0131, Sat\u0131c\u0131\u2019n\u0131n haklar\u0131 ve Taraflar\u2019\u0131n haklar\u0131n\u0131 kullan\u0131m usulleri,&nbsp;<\/p>\n\n\n\n<p>f) \u00dcr\u00fcn\/Hizmet i\u00e7in Sat\u0131c\u0131 taraf\u0131ndan \u00f6ng\u00f6r\u00fclen g\u00f6nderim k\u0131s\u0131tlamalar\u0131,&nbsp;<\/p>\n\n\n\n<p>g) \u00dcr\u00fcn\/Hizmet i\u00e7in kabul edilen \u00f6deme y\u00f6ntem-ara\u00e7lar\u0131, \u00dcr\u00fcn\/Hizmet\u2019in vergiler dahil toplam sat\u0131\u015f fiyat\u0131,&nbsp;<\/p>\n\n\n\n<p>h) \u00dcr\u00fcn\/Hizmet&#8217;in Al\u0131c\u0131\u2019ya teslimine ili\u015fkin usuller ile nakliye-teslimat-kargo masraflar\u0131 gibi ek masraflar hakk\u0131nda bilgiler,&nbsp;<\/p>\n\n\n\n<p>i) \u00dcr\u00fcn\/Hizmet ile ilgili di\u011fer \u00f6deme\/tahsilat ve teslimat bilgileri ve s\u00fcresi ile S\u00f6zle\u015fme&#8217;nin ifas\u0131na ili\u015fkin di\u011fer bilgiler ve Taraflar\u2019\u0131n bu hususlardaki sorumluluklar\u0131,&nbsp;<\/p>\n\n\n\n<p>j) Al\u0131c\u0131\u2019n\u0131n cayma hakk\u0131n\u0131 kullanamad\u0131\u011f\u0131 durumlarda bu haktan faydalanamayaca\u011f\u0131na veya hakk\u0131n s\u00fcresinde kullan\u0131lmamas\u0131 da dahil olmak \u00fczere hangi ko\u015fullarda bu hakk\u0131 kaybedece\u011fine ili\u015fkin bilgi,&nbsp;<\/p>\n\n\n\n<p>k) Al\u0131c\u0131\u2019n\u0131n cayma hakk\u0131n\u0131n oldu\u011fu durumlarda bu hakk\u0131n\u0131 kullanma \u015fartlar\u0131, s\u00fcresi ve usul\u00fc, Sat\u0131c\u0131\u2019n\u0131n iade i\u00e7in \u00f6ng\u00f6rd\u00fc\u011f\u00fc Kargo \u015eirketi\u2019ne ili\u015fkin bilgi ve t\u00fcm mali hususlar (iade y\u00f6ntemi ile masraf\u0131, S\u00f6zle\u015fme konusu bedelin iadesi ve iade s\u0131ras\u0131nda Al\u0131c\u0131 taraf\u0131ndan kazan\u0131lm\u0131\u015f\/kullan\u0131lm\u0131\u015f \u00f6d\u00fcl puanlar\u0131 sebebiyle yap\u0131labilecek indirim ve mahsuplar dahil),&nbsp;<\/p>\n\n\n\n<p>l) Cayma bildiriminin yap\u0131laca\u011f\u0131 a\u00e7\u0131k adres, faks numaras\u0131 veya elektronik posta bilgileri,&nbsp;<\/p>\n\n\n\n<p>m) Sat\u0131c\u0131\u2019n\u0131n talebi \u00fczerine, varsa t\u00fcketici taraf\u0131ndan \u00f6denmesi veya sa\u011flanmas\u0131 gereken depozitolar ya da di\u011fer mali teminatlar ve bunlara ili\u015fkin \u015fartlar,&nbsp;<\/p>\n\n\n\n<p>n) Varsa dijital i\u00e7eriklerin i\u015flevselli\u011fini etkileyebilecek teknik koruma \u00f6nlemleri,&nbsp;<\/p>\n\n\n\n<p>o) Al\u0131c\u0131\u2019n\u0131n Platform\u2019da d\u00f6nem d\u00f6nem uygulanabilecek \u00e7e\u015fitli f\u0131rsatlara ili\u015fkin yararlanma ko\u015fullar\u0131n\u0131n (\u00f6zel \u015fartlar) detaylar\u0131,&nbsp;<\/p>\n\n\n\n<p>p) Sat\u0131c\u0131\u2019n\u0131n bildi\u011fi ya da makul olarak bilmesinin beklendi\u011fi, dijital i\u00e7eri\u011fin hangi donan\u0131m ya da yaz\u0131l\u0131mla birlikte \u00e7al\u0131\u015fabilece\u011fine ili\u015fkin bilgi,&nbsp;<\/p>\n\n\n\n<p>q) Mahiyetine g\u00f6re S\u00f6zle\u015fme&#8217;de yer alan di\u011fer t\u00fcm sat\u0131\u015f \u015fartlar\u0131 ile S\u00f6zle\u015fme Al\u0131c\u0131 taraf\u0131ndan Platform\u2019da onaylanarak kurulduktan sonra S\u00f6zle\u015fme\u2019nin Al\u0131c\u0131\u2019n\u0131n talebi halinde Al\u0131c\u0131\u2019ya elektronik posta ile g\u00f6nderilece\u011fi ve Al\u0131c\u0131 taraf\u0131ndan S\u00f6zle\u015fme\u2019ye \u00fcyelik hesab\u0131ndan eri\u015filebilece\u011fine ili\u015fkin bilgi,&nbsp;<\/p>\n\n\n\n<p>r) Uyu\u015fmazl\u0131k hallerinde Al\u0131c\u0131\u2019n\u0131n, ba\u015fvurular\u0131n\u0131 T\u00fcketici Mahkemesine veya T\u00fcketici Hakem Heyetine yapabilece\u011fine ili\u015fkin bilgi s\u00f6zle\u015fme konusu \u00fcr\u00fcn\u00fcn temel nitelikleri, sat\u0131\u015f fiyat\u0131 ve \u00f6deme \u015fekli ile teslimata ili\u015fkin t\u00fcm bilgileri okuyup bilgi sahibi oldu\u011funu ve elektronik ortamda gerekli teyidi verdi\u011fini beyan eder.&nbsp;<\/p>\n\n\n\n<p><strong>4.2.<\/strong> \u00dcr\u00fcn, yasal 30 g\u00fcnl\u00fck s\u00fcreyi a\u015fmamak kayd\u0131yla her bir \u00fcr\u00fcn i\u00e7in Al\u0131c\u0131&#8217;n\u0131n yerle\u015fim yerinin uzakl\u0131\u011f\u0131na ba\u011fl\u0131 olarak sipari\u015f tarihinden itibaren en k\u0131sa s\u00fcrede Al\u0131c\u0131 veya g\u00f6sterdi\u011fi adresteki ki\u015fi\/kurulu\u015fa teslim edilir.&nbsp;<\/p>\n\n\n\n<p><strong>4.3.<\/strong> S\u00f6zle\u015fme konusu \u00fcr\u00fcn, Al\u0131c\u0131&#8217;dan ba\u015fka bir ki\u015fi\/kurulu\u015fa teslim edilecek ise, teslim edilecek ki\u015fi\/kurulu\u015fun teslimat\u0131 kabul etmemesinden Sat\u0131c\u0131 sorumlu tutulamaz.&nbsp;<\/p>\n\n\n\n<p><strong>5) CAYMA HAKKI, <\/strong><strong>\u0130ADE VE DE\u011e\u0130\u015e\u0130M POL\u0130T\u0130KASI:<\/strong>&nbsp;<\/p>\n\n\n\n<p><strong>5.1<\/strong> Al\u0131c\u0131, \u00fcr\u00fcn\u00fc teslim ald\u0131\u011f\u0131 tarihten itibaren 14 g\u00fcn i\u00e7inde cayma hakk\u0131na sahiptir. Cayma hakk\u0131n\u0131n kullan\u0131lmas\u0131 i\u00e7in bu s\u00fcre i\u00e7inde Sat\u0131c\u0131&#8217;ya yaz\u0131l\u0131 olarak veya kal\u0131c\u0131 veri saklay\u0131c\u0131s\u0131 ile bildirimde bulunulmas\u0131 ve \u00fcr\u00fcn\u00fcn 6. maddede belirtilen cayma hakk\u0131 kullan\u0131lmayacak \u00fcr\u00fcnler kapsam\u0131na girmemesi gerekmektedir.&nbsp;<\/p>\n\n\n\n<p><strong>5.2<\/strong> Cayma hakk\u0131n\u0131n kullan\u0131lmas\u0131 halinde:&nbsp;<\/p>\n\n\n\n<p><strong>a)<\/strong> Al\u0131c\u0131 cayma hakk\u0131n\u0131 kullanmas\u0131ndan itibaren 14 (ond\u00f6rt) g\u00fcn i\u00e7erisinde \u00dcr\u00fcn\u2019\u00fc Sat\u0131c\u0131&#8217;ya Kargo \u015eirketi\u2019yle geri g\u00f6nderir.&nbsp;<\/p>\n\n\n\n<p><strong>b)<\/strong> Cayma hakk\u0131 kapsam\u0131nda iade edilecek \u00fcr\u00fcn kutusu, ambalaj\u0131, varsa standart aksesuarlar\u0131 ve varsa \u00fcr\u00fcn ile birlikte hediye edilen di\u011fer \u00fcr\u00fcnler\u2019in de eksiksiz ve hasars\u0131z olarak iade edilmesi gerekmektedir.&nbsp;<\/p>\n\n\n\n<p><strong>5.3<\/strong> Al\u0131c\u0131 cayma s\u00fcresi i\u00e7inde \u00dcr\u00fcn\u2019\u00fc, i\u015fleyi\u015fine, teknik \u00f6zelliklerine ve kullan\u0131m talimatlar\u0131na uygun bir \u015fekilde kulland\u0131\u011f\u0131 takdirde meydana gelen de\u011fi\u015fiklik ve bozulmalardan sorumlu de\u011fildir.&nbsp;<\/p>\n\n\n\n<p><strong>5.4<\/strong> Cayma hakk\u0131n\u0131n kullan\u0131lmas\u0131n\u0131 takip eden 14 (ond\u00f6rt) g\u00fcn i\u00e7erisinde S\u00f6zle\u015fme konusu bedeller Al\u0131c\u0131\u2019ya Al\u0131c\u0131\u2019n\u0131n \u00f6deme y\u00f6ntemi ile iade edilmektedir. \u00dcr\u00fcn\/Hizmet, Sat\u0131c\u0131&#8217;ya iade edilirken, \u00dcr\u00fcn\/Hizmet\u2019in teslimi s\u0131ras\u0131nda Al\u0131c\u0131\u2019ya ibraz edilmi\u015f olan orijinal faturan\u0131n da Al\u0131c\u0131 taraf\u0131ndan iade edilmesi gerekmektedir. Al\u0131c\u0131\u2019n\u0131n kurumsal fatura istemesi halinde ilgili \u00dcr\u00fcn\/Hizmet iadesi i\u00e7in iade faturas\u0131 kesmesi veya m\u00fcmk\u00fcnse s\u00fcresi i\u00e7erisinde ticari faturay\u0131 kendi sistemlerinden reddetmesi gerekmektedir.&nbsp;<\/p>\n\n\n\n<p><strong>5.5<\/strong> Al\u0131c\u0131 iade edece\u011fi \u00dcr\u00fcn\/Hizmet\u2019i \u00d6n Bilgilendirme Formu\u2019nda belirtilen Sat\u0131c\u0131&#8217;n\u0131n Kargo \u015eirketi ile Sat\u0131c\u0131&#8217;ya g\u00f6nderdi\u011fi s\u00fcrece iade kargo bedeli Sat\u0131c\u0131&#8217;ya aittir. \u0130ade i\u00e7in Al\u0131c\u0131\u2019n\u0131n bulundu\u011fu yerde Sat\u0131c\u0131\u2019n\u0131n Kargo \u015eirketi \u015fubesi bulunmamas\u0131 halinde, Al\u0131c\u0131 \u00dcr\u00fcn\u2019\u00fc herhangi bir Kargo \u015eirketi\u2019yle g\u00f6nderebilecektir. Bu halde iade kargo bedeli ve \u00dcr\u00fcn\u2019\u00fcn kargo s\u00fcrecinde u\u011frayaca\u011f\u0131 hasardan Sat\u0131c\u0131 sorumludur.&nbsp;<\/p>\n\n\n\n<p><strong>5.6<\/strong> Al\u0131c\u0131 cayma hakk\u0131n\u0131 i\u015fbu maddede belirtilen s\u00fcre ve usuller dahilinde kullanacak olup aksi halde cayma hakk\u0131n\u0131 kaybedecektir.&nbsp;<\/p>\n\n\n\n<p><strong>6) CAYMA HAKKI KULLANILAMAYACAK \u00dcR\u00dcNLER:<\/strong>&nbsp;<\/p>\n\n\n\n<p>A\u015fa\u011f\u0131daki \u00fcr\u00fcnlerde cayma hakk\u0131 kullan\u0131lamaz:&nbsp;<\/p>\n\n\n\n<p>&#8211; Al\u0131c\u0131&#8217;n\u0131n istekleri veya ki\u015fisel ihtiya\u00e7lar\u0131 do\u011frultusunda haz\u0131rlanan \u00fcr\u00fcnler,&nbsp;<\/p>\n\n\n\n<p>&#8211; \u00c7abuk bozulabilen veya son kullanma tarihi ge\u00e7ebilecek \u00fcr\u00fcnler,&nbsp;<\/p>\n\n\n\n<p>&#8211; Tesliminden sonra ambalaj, bant, m\u00fch\u00fcr, paket gibi koruyucu unsurlar\u0131 a\u00e7\u0131lm\u0131\u015f olan \u00fcr\u00fcnler.&nbsp;<\/p>\n\n\n\n<p><strong>7) UYU\u015eMAZLIKLARIN \u00c7\u00d6Z\u00dcM\u00dc:<\/strong>&nbsp;<\/p>\n\n\n\n<p>Bu s\u00f6zle\u015fmeden do\u011fabilecek uyu\u015fmazl\u0131klarda, \u0130stanbul Anadolu T\u00fcketici Hakem Heyetleri ve T\u00fcketici Mahkemeleri yetkilidir.&nbsp;<\/p>\n\n\n\n<p><strong>8) Y\u00dcR\u00dcRL\u00dcK:<\/strong>&nbsp;<\/p>\n\n\n\n<p>Bu s\u00f6zle\u015fme, Al\u0131c\u0131 taraf\u0131ndan elektronik ortamda onayland\u0131\u011f\u0131 tarihte y\u00fcr\u00fcrl\u00fc\u011fe girer.&nbsp;<\/p>\n\n\n\n<p><strong>B) G\u0130ZL\u0130L\u0130K POL\u0130T\u0130KASI ve <\/strong><strong>AYDINLATMA METN\u0130:<\/strong>&nbsp;<\/p>\n\n\n\n<p>\u00a0[bhomeja.co] olarak, ki\u015fisel verilerinizin g\u00fcvenli\u011fi ve gizlili\u011fine b\u00fcy\u00fck \u00f6nem veriyoruz. Bu gizlilik politikas\u0131, hangi t\u00fcr bilgileri toplad\u0131\u011f\u0131m\u0131z\u0131, bu bilgileri nas\u0131l kulland\u0131\u011f\u0131m\u0131z\u0131 ve korudu\u011fumuzu a\u00e7\u0131klamaktad\u0131r.\u00a0<\/p>\n\n\n\n<p><strong>1) TOPLANAN B\u0130LG\u0130LER:<\/strong>&nbsp;<\/p>\n\n\n\n<p>&#8211; **Ki\u015fisel Bilgiler:** Ad, soyad, e-posta adresi, telefon numaras\u0131, adres gibi sizi tan\u0131mlayan bilgiler.&nbsp;<\/p>\n\n\n\n<p>&#8211; **\u00d6deme Bilgileri:** Kredi kart\u0131 bilgileri, fatura adresi.&nbsp;<\/p>\n\n\n\n<p>&#8211; **Teknik Bilgiler:** IP adresi, taray\u0131c\u0131 t\u00fcr\u00fc, eri\u015fim tarih ve saatleri, ziyaret edilen sayfalar.&nbsp;<\/p>\n\n\n\n<p><strong>2) B\u0130LG\u0130LER\u0130N KULLANIMI:<\/strong>&nbsp;<\/p>\n\n\n\n<p>Toplanan bilgiler \u015fu ama\u00e7larla kullan\u0131labilir:&nbsp;<\/p>\n\n\n\n<p>&#8211; Sipari\u015flerin i\u015flenmesi ve teslimat\u0131&nbsp;<\/p>\n\n\n\n<p>&#8211; M\u00fc\u015fteri hizmetleri deste\u011fi sa\u011flama&nbsp;<\/p>\n\n\n\n<p>&#8211; Pazarlama ve promosyon faaliyetleri&nbsp;<\/p>\n\n\n\n<p>&#8211; Sitenin kullan\u0131m\u0131n\u0131 analiz etme ve iyile\u015ftirme&nbsp;<\/p>\n\n\n\n<p><strong>3) B\u0130LG\u0130LER\u0130N KORUNMASI:<\/strong>&nbsp;<\/p>\n\n\n\n<p>Ki\u015fisel verilerinizin g\u00fcvenli\u011fini sa\u011flamak i\u00e7in gerekli teknik ve idari \u00f6nlemleri almaktay\u0131z. Verileriniz, yetkisiz eri\u015fim, de\u011fi\u015ftirme veya if\u015faya kar\u015f\u0131 korunmaktad\u0131r.&nbsp;<\/p>\n\n\n\n<p><strong>4) \u00dc\u00c7\u00dcNC\u00dc TARAFLARLA PAYLA\u015eIMI:<\/strong>&nbsp;<\/p>\n\n\n\n<p>Ki\u015fisel verileriniz, yaln\u0131zca a\u015fa\u011f\u0131daki durumlarda \u00fc\u00e7\u00fcnc\u00fc taraflarla payla\u015f\u0131labilir:&nbsp;<\/p>\n\n\n\n<p>&#8211; Yasal y\u00fck\u00fcml\u00fcl\u00fcklerin yerine getirilmesi i\u00e7in gerekli oldu\u011funda&nbsp;<\/p>\n\n\n\n<p>&#8211; Hizmet sa\u011flay\u0131c\u0131lar ile (\u00f6rne\u011fin, kargo \u015firketleri, \u00f6deme i\u015flemcileri) i\u015f birli\u011fi yap\u0131ld\u0131\u011f\u0131nda&nbsp;<\/p>\n\n\n\n<p><strong>5) \u00c7EREZLER (COOK\u0130ES):<\/strong>&nbsp;<\/p>\n\n\n\n<p>Sitemizde \u00e7erezler kullan\u0131lmaktad\u0131r. \u00c7erezler, kullan\u0131c\u0131 deneyimini iyile\u015ftirmek ve site trafi\u011fini analiz etmek i\u00e7in kullan\u0131lmaktad\u0131r. \u00c7erez ayarlar\u0131n\u0131z\u0131 taray\u0131c\u0131 \u00fczerinden de\u011fi\u015ftirebilirsiniz.&nbsp;<\/p>\n\n\n\n<p><strong>6) HAKLARINIZ:<\/strong>&nbsp;<\/p>\n\n\n\n<p>Ki\u015fisel verilerinize eri\u015fim, d\u00fczeltme, silme veya i\u015flenmesinin durdurulmas\u0131n\u0131 talep etme hakk\u0131na sahipsiniz. Bu haklar\u0131n\u0131z\u0131 kullanmak i\u00e7in bizimle [E-posta adresi] \u00fczerinden ileti\u015fime ge\u00e7ebilirsiniz.&nbsp;<\/p>\n\n\n\n<p><strong>7) DE\u011e\u0130\u015e\u0130KL\u0130KLER:<\/strong>&nbsp;<\/p>\n\n\n\n<p>Bu gizlilik politikas\u0131, zaman zaman g\u00fcncellenebilir. G\u00fcncellemeler sitede yay\u0131nland\u0131\u011f\u0131 tarihten itibaren ge\u00e7erli olacakt\u0131r.&nbsp;<\/p>\n\n\n\n<p><strong>C) \u00dcYEL\u0130K S\u00d6ZLE\u015eMES\u0130:<\/strong>&nbsp;<\/p>\n\n\n\n<p>Bu \u00fcyelik s\u00f6zle\u015fmesi, [bhomeja.co] web sitesine \u00fcye olan kullan\u0131c\u0131lar i\u00e7in ge\u00e7erlidir.\u00a0<\/p>\n\n\n\n<p><strong>1) TARAFLAR:<\/strong>&nbsp;<\/p>\n\n\n\n<p>&#8211; Site: [bhomeja.co]\u00a0<\/p>\n\n\n\n<p>&#8211; \u00dcye: Siteye \u00fcye olan ki\u015fi&nbsp;<\/p>\n\n\n\n<p><strong>2) \u00dcYEL\u0130K KO\u015eULLARI:<\/strong>&nbsp;<\/p>\n\n\n\n<p><strong>2.1.<\/strong> \u00dcyelik, \u00fcye olmak isteyen ki\u015fi taraf\u0131ndan siteye gerekli bilgilerin verilmesi ve \u00fcyelik ba\u015fvurusunun kabul edilmesiyle ba\u015flar.&nbsp;<\/p>\n\n\n\n<p><strong>2.2.<\/strong> \u00dcye, verdi\u011fi bilgilerin do\u011fru ve eksiksiz oldu\u011funu beyan eder. Bilgilerin yanl\u0131\u015f veya eksik olmas\u0131ndan dolay\u0131 do\u011facak zararlardan \u00fcye sorumludur.&nbsp;<\/p>\n\n\n\n<p><strong>3) \u00dcYEN\u0130N Y\u00dcK\u00dcML\u00dcL\u00dcKLER\u0130:<\/strong>&nbsp;<\/p>\n\n\n\n<p><strong>3.1.<\/strong> \u00dcye, siteyi hukuka uygun bir \u015fekilde kullanaca\u011f\u0131n\u0131 taahh\u00fct eder.&nbsp;<\/p>\n\n\n\n<p><strong>3.2.<\/strong> \u00dcye, ba\u015fkalar\u0131na ait ki\u015fisel bilgileri izinsiz kullanamaz.&nbsp;<\/p>\n\n\n\n<p><strong>3.3.<\/strong> \u00dcye, siteye zarar verecek, i\u015fleyi\u015fini bozacak faaliyetlerde bulunamaz.&nbsp;<\/p>\n\n\n\n<p><strong>4) G\u0130ZL\u0130L\u0130K:<\/strong>&nbsp;<\/p>\n\n\n\n<p>\u00dcyenin ki\u015fisel bilgileri, gizlilik politikam\u0131z kapsam\u0131nda korunur ve i\u015flenir.&nbsp;<\/p>\n\n\n\n<p><strong>5) \u00dcYEL\u0130\u011e\u0130N SONA ERMES\u0130:<\/strong>&nbsp;<\/p>\n\n\n\n<p>Site, \u00fcyenin bu s\u00f6zle\u015fmeye ayk\u0131r\u0131 davran\u0131\u015flar\u0131n\u0131 tespit ederse, \u00fcyeli\u011fi tek tarafl\u0131 olarak sona erdirebilir. \u00dcye de diledi\u011fi zaman \u00fcyeli\u011fini sona erdirebilir.&nbsp;<\/p>\n\n\n\n<p><strong>&nbsp;6) UYU\u015eMAZLIKLARIN \u00c7\u00d6Z\u00dcM\u00dc:<\/strong>&nbsp;<\/p>\n\n\n\n<p>Bu s\u00f6zle\u015fmeden do\u011facak uyu\u015fmazl\u0131klar\u0131n \u00e7\u00f6z\u00fcm\u00fcnde \u0130stanbul Anadolu Mahkemeleri ve \u0130cra Daireleri yetkilidir.&nbsp;<\/p>\n\n\n\n<p><strong>7) Y\u00dcR\u00dcRL\u00dcK:<\/strong>&nbsp;<\/p>\n\n\n\n<p>Bu s\u00f6zle\u015fme, \u00fcyenin elektronik ortamda onay vermesiyle y\u00fcr\u00fcrl\u00fc\u011fe girer.&nbsp;<\/p>","protected":false},"excerpt":{"rendered":"<p>MESAFEL\u0130 SATI\u015e S\u00d6ZLE\u015eMES\u0130&nbsp; &nbsp;A) GENEL \u015eARTLAR:&nbsp; 1) TARAFLAR:&nbsp; a) SATICI: [Burcu Mumo\u011fullar\u0131nda]Bhomeja, [Barbaros mh. mor leylak sk. andromeda c1 blok no:2 b i\u00e7 kap\u0131 no 261 ata\u015fehir\/\u0130STANBUL], [5394050881], [info@bhomeja.co] (6230500868)\u00a0 b) ALICI: [Al\u0131c\u0131n\u0131n Ad\u0131 ve Soyad\u0131], [Adres], [Telefon], [E-posta]&nbsp; 2) S\u00d6ZLE\u015eMEN\u0130N KONUSU:&nbsp; Bu s\u00f6zle\u015fmenin konusu, Al\u0131c\u0131&#8217;n\u0131n Sat\u0131c\u0131&#8217;ya ait [www.siteniz.com] internet sitesinden elektronik ortamda sipari\u015f verdi\u011fi [&hellip;]<\/p>","protected":false},"author":1,"featured_media":0,"parent":0,"menu_order":0,"comment_status":"closed","ping_status":"closed","template":"","meta":{"_acf_changed":false,"footnotes":""},"class_list":["post-2436","page","type-page","status-publish","hentry"],"acf":[],"_links":{"self":[{"href":"https:\/\/bhomeja.co\/en\/wp-json\/wp\/v2\/pages\/2436","targetHints":{"allow":["GET"]}}],"collection":[{"href":"https:\/\/bhomeja.co\/en\/wp-json\/wp\/v2\/pages"}],"about":[{"href":"https:\/\/bhomeja.co\/en\/wp-json\/wp\/v2\/types\/page"}],"author":[{"embeddable":true,"href":"https:\/\/bhomeja.co\/en\/wp-json\/wp\/v2\/users\/1"}],"replies":[{"embeddable":true,"href":"https:\/\/bhomeja.co\/en\/wp-json\/wp\/v2\/comments?post=2436"}],"version-history":[{"count":2,"href":"https:\/\/bhomeja.co\/en\/wp-json\/wp\/v2\/pages\/2436\/revisions"}],"predecessor-version":[{"id":2557,"href":"https:\/\/bhomeja.co\/en\/wp-json\/wp\/v2\/pages\/2436\/revisions\/2557"}],"wp:attachment":[{"href":"https:\/\/bhomeja.co\/en\/wp-json\/wp\/v2\/media?parent=2436"}],"curies":[{"name":"wp","href":"https:\/\/api.w.org\/{rel}","templated":true}]}}